{"id":989228,"date":"2026-04-07T15:29:57","date_gmt":"2026-04-07T12:29:57","guid":{"rendered":"https:\/\/99ajans.com\/pin\/?page_id=989228"},"modified":"2026-04-07T15:52:39","modified_gmt":"2026-04-07T12:52:39","slug":"kurumsal-gelisim-programlari","status":"publish","type":"page","link":"https:\/\/99ajans.com\/pin\/kurumsal-gelisim-programlari\/","title":{"rendered":"Kurumsal Geli\u015fim Programlar\u0131"},"content":{"rendered":"\t\t<div data-elementor-type=\"wp-page\" data-elementor-id=\"989228\" class=\"elementor elementor-989228\" data-elementor-settings=\"{&quot;element_pack_global_tooltip_width&quot;:{&quot;unit&quot;:&quot;px&quot;,&quot;size&quot;:&quot;&quot;,&quot;sizes&quot;:[]},&quot;element_pack_global_tooltip_width_tablet&quot;:{&quot;unit&quot;:&quot;px&quot;,&quot;size&quot;:&quot;&quot;,&quot;sizes&quot;:[]},&quot;element_pack_global_tooltip_width_mobile&quot;:{&quot;unit&quot;:&quot;px&quot;,&quot;size&quot;:&quot;&quot;,&quot;sizes&quot;:[]},&quot;element_pack_global_tooltip_padding&quot;:{&quot;unit&quot;:&quot;px&quot;,&quot;top&quot;:&quot;&quot;,&quot;right&quot;:&quot;&quot;,&quot;bottom&quot;:&quot;&quot;,&quot;left&quot;:&quot;&quot;,&quot;isLinked&quot;:true},&quot;element_pack_global_tooltip_padding_tablet&quot;:{&quot;unit&quot;:&quot;px&quot;,&quot;top&quot;:&quot;&quot;,&quot;right&quot;:&quot;&quot;,&quot;bottom&quot;:&quot;&quot;,&quot;left&quot;:&quot;&quot;,&quot;isLinked&quot;:true},&quot;element_pack_global_tooltip_padding_mobile&quot;:{&quot;unit&quot;:&quot;px&quot;,&quot;top&quot;:&quot;&quot;,&quot;right&quot;:&quot;&quot;,&quot;bottom&quot;:&quot;&quot;,&quot;left&quot;:&quot;&quot;,&quot;isLinked&quot;:true},&quot;element_pack_global_tooltip_border_radius&quot;:{&quot;unit&quot;:&quot;px&quot;,&quot;top&quot;:&quot;&quot;,&quot;right&quot;:&quot;&quot;,&quot;bottom&quot;:&quot;&quot;,&quot;left&quot;:&quot;&quot;,&quot;isLinked&quot;:true},&quot;element_pack_global_tooltip_border_radius_tablet&quot;:{&quot;unit&quot;:&quot;px&quot;,&quot;top&quot;:&quot;&quot;,&quot;right&quot;:&quot;&quot;,&quot;bottom&quot;:&quot;&quot;,&quot;left&quot;:&quot;&quot;,&quot;isLinked&quot;:true},&quot;element_pack_global_tooltip_border_radius_mobile&quot;:{&quot;unit&quot;:&quot;px&quot;,&quot;top&quot;:&quot;&quot;,&quot;right&quot;:&quot;&quot;,&quot;bottom&quot;:&quot;&quot;,&quot;left&quot;:&quot;&quot;,&quot;isLinked&quot;:true}}\" data-elementor-post-type=\"page\">\n\t\t\t\t<div class=\"elementor-element elementor-element-4e4ee591 e-flex e-con-boxed e-con e-parent\" data-id=\"4e4ee591\" data-element_type=\"container\" data-e-type=\"container\">\n\t\t\t\t\t<div class=\"e-con-inner\">\n\t\t<div class=\"elementor-element elementor-element-3e3f6333 elementor-invisible e-con-full animated-fast e-flex e-con e-child\" data-id=\"3e3f6333\" data-element_type=\"container\" data-e-type=\"container\" data-settings=\"{&quot;animation&quot;:&quot;fadeInUp&quot;}\">\n\t\t\t\t<div class=\"elementor-element elementor-element-7b291cae elementor-widget elementor-widget-heading\" data-id=\"7b291cae\" data-element_type=\"widget\" data-e-type=\"widget\" data-widget_type=\"heading.default\">\n\t\t\t\t<div class=\"elementor-widget-container\">\n\t\t\t\t\t<h1 class=\"elementor-heading-title elementor-size-default\"><span class=\"color-accent-4\">Kurumsal Geli\u015fim ile<\/span>  K\u00fclt\u00fcr\u00fc ve \u0130nsan Dinamiklerini G\u00fc\u00e7lendirin<\/h1>\t\t\t\t<\/div>\n\t\t\t\t<\/div>\n\t\t\t\t<\/div>\n\t\t\t\t\t<\/div>\n\t\t\t\t<\/div>\n\t\t<div class=\"elementor-element elementor-element-4653ecf0 e-con-full e-flex e-con e-parent\" data-id=\"4653ecf0\" data-element_type=\"container\" data-e-type=\"container\">\n\t\t\t\t<div class=\"vamtam-has-theme-widget-styles elementor-element elementor-element-324f968 elementor-widget__width-initial elementor-widget elementor-widget-text-editor\" data-id=\"324f968\" data-element_type=\"widget\" data-e-type=\"widget\" data-widget_type=\"text-editor.default\">\n\t\t\t\t<div class=\"elementor-widget-container\">\n\t\t\t\t\t\t\t\t\t<p>Kurumsal geli\u015fim programlar\u0131m\u0131z, organizasyon i\u00e7indeki ileti\u015fim, aidiyet, liderlik ve insan dinamiklerini b\u00fct\u00fcnsel bir yakla\u015f\u0131mla ele al\u0131r. Fark\u0131ndal\u0131k kazand\u0131ran bu yap\u0131, \u00e7al\u0131\u015fan deneyimini g\u00fc\u00e7lendirirken s\u00fcrd\u00fcr\u00fclebilir performans ve g\u00fc\u00e7l\u00fc bir kurum k\u00fclt\u00fcr\u00fc olu\u015fturur.<\/p>\t\t\t\t\t\t\t\t<\/div>\n\t\t\t\t<\/div>\n\t\t<div class=\"elementor-element elementor-element-500fec10 e-flex e-con-boxed e-con e-child\" data-id=\"500fec10\" data-element_type=\"container\" data-e-type=\"container\" data-settings=\"{&quot;background_background&quot;:&quot;classic&quot;}\">\n\t\t\t\t\t<div class=\"e-con-inner\">\n\t\t<div class=\"elementor-element elementor-element-3eb46b3b e-con-full animated-fast e-flex e-con e-child\" data-id=\"3eb46b3b\" data-element_type=\"container\" data-e-type=\"container\" data-settings=\"{&quot;animation&quot;:&quot;none&quot;,&quot;animation_delay&quot;:200}\">\n\t\t<a class=\"elementor-element elementor-element-eabdf7 elementor-invisible e-con-full animated-fast e-flex e-con e-child\" data-id=\"eabdf7\" data-element_type=\"container\" data-e-type=\"container\" data-settings=\"{&quot;background_background&quot;:&quot;gradient&quot;,&quot;animation&quot;:&quot;slideInUp&quot;,&quot;animation_delay&quot;:150}\" href=\"https:\/\/99ajans.com\/pin\/kusaklar-arasi-sinerji-ve-uyum-programi\/\">\n\t\t\t\t<div class=\"elementor-element elementor-element-4e60f5dd elementor-widget elementor-widget-heading\" data-id=\"4e60f5dd\" data-element_type=\"widget\" data-e-type=\"widget\" data-widget_type=\"heading.default\">\n\t\t\t\t<div class=\"elementor-widget-container\">\n\t\t\t\t\t<h5 class=\"elementor-heading-title elementor-size-default\">Ku\u015faklar Aras\u0131\nSinerji ve Uyum<\/h5>\t\t\t\t<\/div>\n\t\t\t\t<\/div>\n\t\t\t\t<div class=\"vamtam-has-theme-widget-styles elementor-element elementor-element-58b58f14 elementor-widget elementor-widget-text-editor\" data-id=\"58b58f14\" data-element_type=\"widget\" data-e-type=\"widget\" data-widget_type=\"text-editor.default\">\n\t\t\t\t<div class=\"elementor-widget-container\">\n\t\t\t\t\t\t\t\t\t<p data-start=\"172\" data-end=\"285\">Farkl\u0131 ku\u015faklar\u0131n ileti\u015fim ve \u00e7al\u0131\u015fma dinamikleri analiz edilerek, ortak anlay\u0131\u015f ve uyum i\u00e7inde \u00e7al\u0131\u015fan g\u00fc\u00e7l\u00fc bir ekip yap\u0131s\u0131 olu\u015fturulur.<\/p>\t\t\t\t\t\t\t\t<\/div>\n\t\t\t\t<\/div>\n\t\t\t\t<\/a>\n\t\t<a class=\"elementor-element elementor-element-14aeb2c5 elementor-invisible e-con-full animated-fast e-flex e-con e-child\" data-id=\"14aeb2c5\" data-element_type=\"container\" data-e-type=\"container\" data-settings=\"{&quot;background_background&quot;:&quot;gradient&quot;,&quot;animation&quot;:&quot;slideInUp&quot;,&quot;animation_delay&quot;:150}\" href=\"https:\/\/99ajans.com\/pin\/etkili-konusma-ve-hitabet-sanati-programi\/\">\n\t\t\t\t<div class=\"elementor-element elementor-element-10656959 elementor-widget elementor-widget-heading\" data-id=\"10656959\" data-element_type=\"widget\" data-e-type=\"widget\" data-widget_type=\"heading.default\">\n\t\t\t\t<div class=\"elementor-widget-container\">\n\t\t\t\t\t<h5 class=\"elementor-heading-title elementor-size-default\">Etkili Konu\u015fma ve\nHitabet Sanat\u0131<\/h5>\t\t\t\t<\/div>\n\t\t\t\t<\/div>\n\t\t\t\t<div class=\"vamtam-has-theme-widget-styles elementor-element elementor-element-305f7358 elementor-widget elementor-widget-text-editor\" data-id=\"305f7358\" data-element_type=\"widget\" data-e-type=\"widget\" data-widget_type=\"text-editor.default\">\n\t\t\t\t<div class=\"elementor-widget-container\">\n\t\t\t\t\t\t\t\t\t<p>Mesaj\u0131n do\u011fru kurgulanmas\u0131 ve g\u00fc\u00e7l\u00fc ifade teknikleri ile ileti\u015fim etkisi art\u0131r\u0131l\u0131r, g\u00fcven olu\u015fturan ve ikna g\u00fcc\u00fc y\u00fcksek anlat\u0131m becerileri geli\u015ftirilir.<\/p>\t\t\t\t\t\t\t\t<\/div>\n\t\t\t\t<\/div>\n\t\t\t\t<\/a>\n\t\t<a class=\"elementor-element elementor-element-ee400dc elementor-invisible e-con-full animated-fast e-flex e-con e-child\" data-id=\"ee400dc\" data-element_type=\"container\" data-e-type=\"container\" data-settings=\"{&quot;background_background&quot;:&quot;gradient&quot;,&quot;animation&quot;:&quot;slideInUp&quot;,&quot;animation_delay&quot;:150}\" href=\"https:\/\/99ajans.com\/pin\/egitici-egitimi-kurumsal-egitmenlik-programi\/\">\n\t\t\t\t<div class=\"elementor-element elementor-element-58e5d22 elementor-widget elementor-widget-heading\" data-id=\"58e5d22\" data-element_type=\"widget\" data-e-type=\"widget\" data-widget_type=\"heading.default\">\n\t\t\t\t<div class=\"elementor-widget-container\">\n\t\t\t\t\t<h5 class=\"elementor-heading-title elementor-size-default\">E\u011fitici E\u011fitimi\nProgram\u0131<\/h5>\t\t\t\t<\/div>\n\t\t\t\t<\/div>\n\t\t\t\t<div class=\"vamtam-has-theme-widget-styles elementor-element elementor-element-d0e5e0b elementor-widget elementor-widget-text-editor\" data-id=\"d0e5e0b\" data-element_type=\"widget\" data-e-type=\"widget\" data-widget_type=\"text-editor.default\">\n\t\t\t\t<div class=\"elementor-widget-container\">\n\t\t\t\t\t\t\t\t\t<p>Uzman \u00e7al\u0131\u015fanlar, bilgiyi etkili aktaran ve \u00f6\u011frenme s\u00fcre\u00e7lerini y\u00f6neten kurumsal e\u011fitmenlere d\u00f6n\u00fc\u015ft\u00fcr\u00fclerek kurum i\u00e7i bilgi aktar\u0131m\u0131 g\u00fc\u00e7lendirilir.<\/p>\t\t\t\t\t\t\t\t<\/div>\n\t\t\t\t<\/div>\n\t\t\t\t<\/a>\n\t\t\t\t<\/div>\n\t\t<div class=\"elementor-element elementor-element-727de5dc e-con-full animated-fast e-flex e-con e-child\" data-id=\"727de5dc\" data-element_type=\"container\" data-e-type=\"container\" data-settings=\"{&quot;animation&quot;:&quot;none&quot;,&quot;animation_delay&quot;:200}\">\n\t\t<a class=\"elementor-element elementor-element-2db353cb elementor-invisible e-con-full animated-fast e-flex e-con e-child\" data-id=\"2db353cb\" data-element_type=\"container\" data-e-type=\"container\" data-settings=\"{&quot;background_background&quot;:&quot;gradient&quot;,&quot;animation&quot;:&quot;slideInUp&quot;,&quot;animation_delay&quot;:150}\" href=\"https:\/\/99ajans.com\/pin\/kurumsal-aidiyet-ve-biz-bilinci-programi\/\">\n\t\t\t\t<div class=\"elementor-element elementor-element-625d63f9 elementor-widget elementor-widget-heading\" data-id=\"625d63f9\" data-element_type=\"widget\" data-e-type=\"widget\" data-widget_type=\"heading.default\">\n\t\t\t\t<div class=\"elementor-widget-container\">\n\t\t\t\t\t<h5 class=\"elementor-heading-title elementor-size-default\">Kurumsal Aidiyet ve\n\u201cBiz\u201d Bilinci<\/h5>\t\t\t\t<\/div>\n\t\t\t\t<\/div>\n\t\t\t\t<div class=\"vamtam-has-theme-widget-styles elementor-element elementor-element-513c04b7 elementor-widget elementor-widget-text-editor\" data-id=\"513c04b7\" data-element_type=\"widget\" data-e-type=\"widget\" data-widget_type=\"text-editor.default\">\n\t\t\t\t<div class=\"elementor-widget-container\">\n\t\t\t\t\t\t\t\t\t<p>\u00c7al\u0131\u015fanlar\u0131n kurumla kurdu\u011fu ba\u011f g\u00fc\u00e7lendirilir, ortak de\u011ferler etraf\u0131nda birle\u015fen ve y\u00fcksek ba\u011fl\u0131l\u0131k g\u00f6steren bir organizasyon yap\u0131s\u0131 olu\u015fturulur.<\/p>\t\t\t\t\t\t\t\t<\/div>\n\t\t\t\t<\/div>\n\t\t\t\t<\/a>\n\t\t<a class=\"elementor-element elementor-element-47bfdd8f elementor-invisible e-con-full animated-fast e-flex e-con e-child\" data-id=\"47bfdd8f\" data-element_type=\"container\" data-e-type=\"container\" data-settings=\"{&quot;background_background&quot;:&quot;gradient&quot;,&quot;animation&quot;:&quot;slideInUp&quot;,&quot;animation_delay&quot;:50}\" href=\"https:\/\/99ajans.com\/pin\/duygusal-zeka-ve-sosyal-farkindalik-programi\/\">\n\t\t\t\t<div class=\"elementor-element elementor-element-7e3025ab elementor-widget elementor-widget-heading\" data-id=\"7e3025ab\" data-element_type=\"widget\" data-e-type=\"widget\" data-widget_type=\"heading.default\">\n\t\t\t\t<div class=\"elementor-widget-container\">\n\t\t\t\t\t<h5 class=\"elementor-heading-title elementor-size-default\">Duygusal Zeka &amp; Sosyal Fark\u0131ndal\u0131k<\/h5>\t\t\t\t<\/div>\n\t\t\t\t<\/div>\n\t\t\t\t<div class=\"vamtam-has-theme-widget-styles elementor-element elementor-element-3a7919fa elementor-widget elementor-widget-text-editor\" data-id=\"3a7919fa\" data-element_type=\"widget\" data-e-type=\"widget\" data-widget_type=\"text-editor.default\">\n\t\t\t\t<div class=\"elementor-widget-container\">\n\t\t\t\t\t\t\t\t\t<p>Bireylerin kendi duygular\u0131n\u0131 y\u00f6netme ve ba\u015fkalar\u0131n\u0131 anlama kapasitesi geli\u015ftirilerek g\u00fc\u00e7l\u00fc ili\u015fkiler ve sa\u011fl\u0131kl\u0131 ekip dinamikleri olu\u015fturulur.<\/p>\t\t\t\t\t\t\t\t<\/div>\n\t\t\t\t<\/div>\n\t\t\t\t<\/a>\n\t\t<a class=\"elementor-element elementor-element-81d0d22 elementor-invisible e-con-full animated-fast e-flex e-con e-child\" data-id=\"81d0d22\" data-element_type=\"container\" data-e-type=\"container\" data-settings=\"{&quot;background_background&quot;:&quot;gradient&quot;,&quot;animation&quot;:&quot;slideInUp&quot;,&quot;animation_delay&quot;:50}\" href=\"https:\/\/99ajans.com\/pin\/etkin-iletisim-ve-catisma-yonetimi-programi\/\">\n\t\t\t\t<div class=\"elementor-element elementor-element-f4a8d06 elementor-widget elementor-widget-heading\" data-id=\"f4a8d06\" data-element_type=\"widget\" data-e-type=\"widget\" data-widget_type=\"heading.default\">\n\t\t\t\t<div class=\"elementor-widget-container\">\n\t\t\t\t\t<h5 class=\"elementor-heading-title elementor-size-default\">\u0130leti\u015fim ve\n\u00c7at\u0131\u015fma Y\u00f6netimi<\/h5>\t\t\t\t<\/div>\n\t\t\t\t<\/div>\n\t\t\t\t<div class=\"vamtam-has-theme-widget-styles elementor-element elementor-element-9e2cf9f elementor-widget elementor-widget-text-editor\" data-id=\"9e2cf9f\" data-element_type=\"widget\" data-e-type=\"widget\" data-widget_type=\"text-editor.default\">\n\t\t\t\t<div class=\"elementor-widget-container\">\n\t\t\t\t\t\t\t\t\t<p>\u0130leti\u015fim engelleri ortadan kald\u0131r\u0131l\u0131r, \u00e7at\u0131\u015fmalar yap\u0131c\u0131 bir s\u00fcrece d\u00f6n\u00fc\u015ft\u00fcr\u00fclerek ekip i\u00e7inde a\u00e7\u0131k, \u00e7\u00f6z\u00fcm odakl\u0131 ve sa\u011fl\u0131kl\u0131 ileti\u015fim ortam\u0131 kurulur.<\/p>\t\t\t\t\t\t\t\t<\/div>\n\t\t\t\t<\/div>\n\t\t\t\t<\/a>\n\t\t\t\t<\/div>\n\t\t\t\t\t<\/div>\n\t\t\t\t<\/div>\n\t\t\t\t<\/div>\n\t\t<div class=\"elementor-element elementor-element-5fc271dc e-flex e-con-boxed e-con e-parent\" data-id=\"5fc271dc\" data-element_type=\"container\" data-e-type=\"container\">\n\t\t\t\t\t<div class=\"e-con-inner\">\n\t\t<div class=\"elementor-element elementor-element-10961f9f elementor-invisible e-con-full animated-fast e-flex e-con e-child\" data-id=\"10961f9f\" data-element_type=\"container\" data-e-type=\"container\" data-settings=\"{&quot;animation&quot;:&quot;fadeInUp&quot;}\">\n\t\t\t\t<div class=\"elementor-element elementor-element-59e6cbf2 elementor-widget__width-initial elementor-widget elementor-widget-heading\" data-id=\"59e6cbf2\" data-element_type=\"widget\" data-e-type=\"widget\" data-widget_type=\"heading.default\">\n\t\t\t\t<div class=\"elementor-widget-container\">\n\t\t\t\t\t<h1 class=\"elementor-heading-title elementor-size-default\"><span class=\"color-accent-4\">Kurumunuzun Geli\u015fim Alanlar\u0131n\u0131<\/span><br> Birlikte Ke\u015ffedelim \u2192<\/h1>\t\t\t\t<\/div>\n\t\t\t\t<\/div>\n\t\t\t\t<div class=\"vamtam-has-theme-widget-styles elementor-element elementor-element-10f988f0 vamtam-icon-pos-row-reverse vamtam-has-icon-styles vamtam-has-hover-anim vamtam-has-outside-icon elementor-widget elementor-widget-button\" data-id=\"10f988f0\" data-element_type=\"widget\" data-e-type=\"widget\" data-widget_type=\"button.default\">\n\t\t\t\t<div class=\"elementor-widget-container\">\n\t\t\t\t\t\t\t\t\t<div class=\"elementor-button-wrapper\">\n\t\t\t\t\t<a class=\"elementor-button elementor-button-link elementor-size-sm\" href=\"#\">\n\t\t\t\t\t\t<span class=\"elementor-button-content-wrapper\">\n\t\t\t\t\t\t<span class=\"elementor-button-icon\">\n\t\t\t\t<i aria-hidden=\"true\" class=\"vamtamtheme- vamtam-theme-arrow-link-up\"><\/i>\t\t\t<\/span>\n\t\t\t\t\t\t\t\t\t<span class=\"elementor-button-text\">Uzman\u0131m\u0131zla G\u00f6r\u00fc\u015f\u00fcn<\/span>\n\t\t\t\t\t<\/span>\n\t\t\t\t\t<\/a>\n\t\t\t\t<\/div>\n\t\t\t\t\t\t\t\t<\/div>\n\t\t\t\t<\/div>\n\t\t\t\t<div class=\"vamtam-has-theme-widget-styles elementor-element elementor-element-1377d02b elementor-widget elementor-widget-button\" data-id=\"1377d02b\" data-element_type=\"widget\" data-e-type=\"widget\" data-widget_type=\"button.default\">\n\t\t\t\t<div class=\"elementor-widget-container\">\n\t\t\t\t\t\t\t\t\t<div class=\"elementor-button-wrapper\">\n\t\t\t\t\t<a class=\"elementor-button elementor-button-link elementor-size-sm\" href=\"#elementor-action%3Aaction%3Dpopup%3Aopen%26settings%3DeyJpZCI6IjQyODYiLCJ0b2dnbGUiOmZhbHNlLCJhbGlnbl93aXRoX3BhcmVudCI6IiJ9\">\n\t\t\t\t\t\t<span class=\"elementor-button-content-wrapper\">\n\t\t\t\t\t\t\t\t\t<span class=\"elementor-button-text\">\u00d6n Analiz Talep Et<\/span>\n\t\t\t\t\t<\/span>\n\t\t\t\t\t<\/a>\n\t\t\t\t<\/div>\n\t\t\t\t\t\t\t\t<\/div>\n\t\t\t\t<\/div>\n\t\t\t\t<\/div>\n\t\t\t\t\t<\/div>\n\t\t\t\t<\/div>\n\t\t\t\t<\/div>\n\t\t","protected":false},"excerpt":{"rendered":"<p>Kurumsal Geli\u015fim ile K\u00fclt\u00fcr\u00fc ve \u0130nsan Dinamiklerini G\u00fc\u00e7lendirin Kurumsal geli\u015fim programlar\u0131m\u0131z, organizasyon i\u00e7indeki ileti\u015fim, aidiyet, liderlik ve insan dinamiklerini b\u00fct\u00fcnsel bir yakla\u015f\u0131mla ele al\u0131r. Fark\u0131ndal\u0131k kazand\u0131ran bu yap\u0131, \u00e7al\u0131\u015fan deneyimini g\u00fc\u00e7lendirirken s\u00fcrd\u00fcr\u00fclebilir performans ve g\u00fc\u00e7l\u00fc bir kurum k\u00fclt\u00fcr\u00fc olu\u015fturur. Ku\u015faklar Aras\u0131 Sinerji ve Uyum Farkl\u0131 ku\u015faklar\u0131n ileti\u015fim ve \u00e7al\u0131\u015fma dinamikleri analiz edilerek, ortak anlay\u0131\u015f ve&#8230;<\/p>\n","protected":false},"author":1,"featured_media":0,"parent":0,"menu_order":0,"comment_status":"closed","ping_status":"closed","template":"","meta":{"footnotes":""},"class_list":["post-989228","page","type-page","status-publish","hentry"],"_links":{"self":[{"href":"https:\/\/99ajans.com\/pin\/wp-json\/wp\/v2\/pages\/989228","targetHints":{"allow":["GET"]}}],"collection":[{"href":"https:\/\/99ajans.com\/pin\/wp-json\/wp\/v2\/pages"}],"about":[{"href":"https:\/\/99ajans.com\/pin\/wp-json\/wp\/v2\/types\/page"}],"author":[{"embeddable":true,"href":"https:\/\/99ajans.com\/pin\/wp-json\/wp\/v2\/users\/1"}],"replies":[{"embeddable":true,"href":"https:\/\/99ajans.com\/pin\/wp-json\/wp\/v2\/comments?post=989228"}],"version-history":[{"count":25,"href":"https:\/\/99ajans.com\/pin\/wp-json\/wp\/v2\/pages\/989228\/revisions"}],"predecessor-version":[{"id":989254,"href":"https:\/\/99ajans.com\/pin\/wp-json\/wp\/v2\/pages\/989228\/revisions\/989254"}],"wp:attachment":[{"href":"https:\/\/99ajans.com\/pin\/wp-json\/wp\/v2\/media?parent=989228"}],"curies":[{"name":"wp","href":"https:\/\/api.w.org\/{rel}","templated":true}]}}