{"id":989208,"date":"2026-04-07T13:26:07","date_gmt":"2026-04-07T10:26:07","guid":{"rendered":"https:\/\/99ajans.com\/pin\/?page_id=989208"},"modified":"2026-04-07T13:59:48","modified_gmt":"2026-04-07T10:59:48","slug":"kocluk-programlari","status":"publish","type":"page","link":"https:\/\/99ajans.com\/pin\/kocluk-programlari\/","title":{"rendered":"Ko\u00e7luk Programlar\u0131"},"content":{"rendered":"\t\t<div data-elementor-type=\"wp-page\" data-elementor-id=\"989208\" class=\"elementor elementor-989208\" data-elementor-settings=\"{&quot;element_pack_global_tooltip_width&quot;:{&quot;unit&quot;:&quot;px&quot;,&quot;size&quot;:&quot;&quot;,&quot;sizes&quot;:[]},&quot;element_pack_global_tooltip_width_tablet&quot;:{&quot;unit&quot;:&quot;px&quot;,&quot;size&quot;:&quot;&quot;,&quot;sizes&quot;:[]},&quot;element_pack_global_tooltip_width_mobile&quot;:{&quot;unit&quot;:&quot;px&quot;,&quot;size&quot;:&quot;&quot;,&quot;sizes&quot;:[]},&quot;element_pack_global_tooltip_padding&quot;:{&quot;unit&quot;:&quot;px&quot;,&quot;top&quot;:&quot;&quot;,&quot;right&quot;:&quot;&quot;,&quot;bottom&quot;:&quot;&quot;,&quot;left&quot;:&quot;&quot;,&quot;isLinked&quot;:true},&quot;element_pack_global_tooltip_padding_tablet&quot;:{&quot;unit&quot;:&quot;px&quot;,&quot;top&quot;:&quot;&quot;,&quot;right&quot;:&quot;&quot;,&quot;bottom&quot;:&quot;&quot;,&quot;left&quot;:&quot;&quot;,&quot;isLinked&quot;:true},&quot;element_pack_global_tooltip_padding_mobile&quot;:{&quot;unit&quot;:&quot;px&quot;,&quot;top&quot;:&quot;&quot;,&quot;right&quot;:&quot;&quot;,&quot;bottom&quot;:&quot;&quot;,&quot;left&quot;:&quot;&quot;,&quot;isLinked&quot;:true},&quot;element_pack_global_tooltip_border_radius&quot;:{&quot;unit&quot;:&quot;px&quot;,&quot;top&quot;:&quot;&quot;,&quot;right&quot;:&quot;&quot;,&quot;bottom&quot;:&quot;&quot;,&quot;left&quot;:&quot;&quot;,&quot;isLinked&quot;:true},&quot;element_pack_global_tooltip_border_radius_tablet&quot;:{&quot;unit&quot;:&quot;px&quot;,&quot;top&quot;:&quot;&quot;,&quot;right&quot;:&quot;&quot;,&quot;bottom&quot;:&quot;&quot;,&quot;left&quot;:&quot;&quot;,&quot;isLinked&quot;:true},&quot;element_pack_global_tooltip_border_radius_mobile&quot;:{&quot;unit&quot;:&quot;px&quot;,&quot;top&quot;:&quot;&quot;,&quot;right&quot;:&quot;&quot;,&quot;bottom&quot;:&quot;&quot;,&quot;left&quot;:&quot;&quot;,&quot;isLinked&quot;:true}}\" data-elementor-post-type=\"page\">\n\t\t\t\t<div class=\"elementor-element elementor-element-26f6aadd e-flex e-con-boxed e-con e-parent\" data-id=\"26f6aadd\" data-element_type=\"container\" data-e-type=\"container\">\n\t\t\t\t\t<div class=\"e-con-inner\">\n\t\t<div class=\"elementor-element elementor-element-5d896d3b elementor-invisible e-con-full animated-fast e-flex e-con e-child\" data-id=\"5d896d3b\" data-element_type=\"container\" data-e-type=\"container\" data-settings=\"{&quot;animation&quot;:&quot;fadeInUp&quot;}\">\n\t\t\t\t<div class=\"elementor-element elementor-element-7c86bc0f elementor-widget elementor-widget-heading\" data-id=\"7c86bc0f\" data-element_type=\"widget\" data-e-type=\"widget\" data-widget_type=\"heading.default\">\n\t\t\t\t<div class=\"elementor-widget-container\">\n\t\t\t\t\t<h1 class=\"elementor-heading-title elementor-size-default\">Sizin \u0130\u00e7in Do\u011fru <span class=\"color-accent-4\">Ko\u00e7luk Program\u0131n\u0131<\/span>  Birlikte Belirleyelim<\/h1>\t\t\t\t<\/div>\n\t\t\t\t<\/div>\n\t\t\t\t<\/div>\n\t\t\t\t\t<\/div>\n\t\t\t\t<\/div>\n\t\t<div class=\"elementor-element elementor-element-e5403d5 e-con-full e-flex e-con e-parent\" data-id=\"e5403d5\" data-element_type=\"container\" data-e-type=\"container\">\n\t\t<div class=\"elementor-element elementor-element-1ced90c e-flex e-con-boxed e-con e-child\" data-id=\"1ced90c\" data-element_type=\"container\" data-e-type=\"container\" data-settings=\"{&quot;background_background&quot;:&quot;classic&quot;}\">\n\t\t\t\t\t<div class=\"e-con-inner\">\n\t\t<div class=\"elementor-element elementor-element-66b838a e-con-full animated-fast e-flex e-con e-child\" data-id=\"66b838a\" data-element_type=\"container\" data-e-type=\"container\" data-settings=\"{&quot;animation&quot;:&quot;none&quot;,&quot;animation_delay&quot;:200}\">\n\t\t<a class=\"elementor-element elementor-element-48383ee elementor-invisible e-con-full animated-fast e-flex e-con e-child\" data-id=\"48383ee\" data-element_type=\"container\" data-e-type=\"container\" data-settings=\"{&quot;background_background&quot;:&quot;gradient&quot;,&quot;animation&quot;:&quot;slideInUp&quot;,&quot;animation_delay&quot;:150}\" href=\"https:\/\/99ajans.com\/pin\/profesyonel-kocluk-egitimi\/\">\n\t\t\t\t<div class=\"elementor-element elementor-element-a548abc elementor-widget elementor-widget-heading\" data-id=\"a548abc\" data-element_type=\"widget\" data-e-type=\"widget\" data-widget_type=\"heading.default\">\n\t\t\t\t<div class=\"elementor-widget-container\">\n\t\t\t\t\t<h5 class=\"elementor-heading-title elementor-size-default\">Profesyonel Ko\u00e7luk\nE\u011fitimi<\/h5>\t\t\t\t<\/div>\n\t\t\t\t<\/div>\n\t\t\t\t<div class=\"vamtam-has-theme-widget-styles elementor-element elementor-element-dd7006f elementor-widget elementor-widget-text-editor\" data-id=\"dd7006f\" data-element_type=\"widget\" data-e-type=\"widget\" data-widget_type=\"text-editor.default\">\n\t\t\t\t<div class=\"elementor-widget-container\">\n\t\t\t\t\t\t\t\t\t<p data-start=\"172\" data-end=\"285\">Ko\u00e7luk yetkinliklerini geli\u015ftirmek isteyenler i\u00e7in uygulama odakl\u0131 ve uluslararas\u0131 standartlarda e\u011fitim program\u0131.<\/p>\t\t\t\t\t\t\t\t<\/div>\n\t\t\t\t<\/div>\n\t\t\t\t<\/a>\n\t\t<a class=\"elementor-element elementor-element-9ff2ee8 elementor-invisible e-con-full animated-fast e-flex e-con e-child\" data-id=\"9ff2ee8\" data-element_type=\"container\" data-e-type=\"container\" data-settings=\"{&quot;background_background&quot;:&quot;gradient&quot;,&quot;animation&quot;:&quot;slideInUp&quot;,&quot;animation_delay&quot;:150}\" href=\"https:\/\/99ajans.com\/pin\/kurumsal-kocluk-sistemleri\/\">\n\t\t\t\t<div class=\"elementor-element elementor-element-e57f5aa elementor-widget elementor-widget-heading\" data-id=\"e57f5aa\" data-element_type=\"widget\" data-e-type=\"widget\" data-widget_type=\"heading.default\">\n\t\t\t\t<div class=\"elementor-widget-container\">\n\t\t\t\t\t<h5 class=\"elementor-heading-title elementor-size-default\">Kurumsal Ko\u00e7luk\nSistemleri<\/h5>\t\t\t\t<\/div>\n\t\t\t\t<\/div>\n\t\t\t\t<div class=\"vamtam-has-theme-widget-styles elementor-element elementor-element-34dcb9d elementor-widget elementor-widget-text-editor\" data-id=\"34dcb9d\" data-element_type=\"widget\" data-e-type=\"widget\" data-widget_type=\"text-editor.default\">\n\t\t\t\t<div class=\"elementor-widget-container\">\n\t\t\t\t\t\t\t\t\t<p>Ko\u00e7luk yakla\u015f\u0131m\u0131n\u0131 organizasyon geneline entegre ederek s\u00fcrd\u00fcr\u00fclebilir performans, g\u00fc\u00e7l\u00fc ileti\u015fim ve geli\u015fim odakl\u0131 kurum k\u00fclt\u00fcr\u00fc olu\u015fturur.<\/p>\t\t\t\t\t\t\t\t<\/div>\n\t\t\t\t<\/div>\n\t\t\t\t<\/a>\n\t\t\t\t<\/div>\n\t\t<div class=\"elementor-element elementor-element-5c3f57c e-con-full animated-fast e-flex e-con e-child\" data-id=\"5c3f57c\" data-element_type=\"container\" data-e-type=\"container\" data-settings=\"{&quot;animation&quot;:&quot;none&quot;,&quot;animation_delay&quot;:200}\">\n\t\t<a class=\"elementor-element elementor-element-ac9d6b7 elementor-invisible e-con-full animated-fast e-flex e-con e-child\" data-id=\"ac9d6b7\" data-element_type=\"container\" data-e-type=\"container\" data-settings=\"{&quot;background_background&quot;:&quot;gradient&quot;,&quot;animation&quot;:&quot;slideInUp&quot;,&quot;animation_delay&quot;:50}\" href=\"https:\/\/99ajans.com\/pin\/profesyonel-kocluk-egitimi\/\">\n\t\t\t\t<div class=\"elementor-element elementor-element-30b3979 elementor-widget elementor-widget-heading\" data-id=\"30b3979\" data-element_type=\"widget\" data-e-type=\"widget\" data-widget_type=\"heading.default\">\n\t\t\t\t<div class=\"elementor-widget-container\">\n\t\t\t\t\t<h5 class=\"elementor-heading-title elementor-size-default\">Executive &amp; Leadership\nCoaching<\/h5>\t\t\t\t<\/div>\n\t\t\t\t<\/div>\n\t\t\t\t<div class=\"vamtam-has-theme-widget-styles elementor-element elementor-element-562d369 elementor-widget elementor-widget-text-editor\" data-id=\"562d369\" data-element_type=\"widget\" data-e-type=\"widget\" data-widget_type=\"text-editor.default\">\n\t\t\t\t<div class=\"elementor-widget-container\">\n\t\t\t\t\t\t\t\t\t<p>\u00dcst d\u00fczey y\u00f6neticiler i\u00e7in stratejik bak\u0131\u015f a\u00e7\u0131s\u0131n\u0131 g\u00fc\u00e7lendiren, karar kalitesini art\u0131ran ve liderlik etkisini derinle\u015ftiren birebir ko\u00e7luk s\u00fcreci.<\/p>\t\t\t\t\t\t\t\t<\/div>\n\t\t\t\t<\/div>\n\t\t\t\t<\/a>\n\t\t<a class=\"elementor-element elementor-element-99409a4 elementor-invisible e-con-full animated-fast e-flex e-con e-child\" data-id=\"99409a4\" data-element_type=\"container\" data-e-type=\"container\" data-settings=\"{&quot;background_background&quot;:&quot;gradient&quot;,&quot;animation&quot;:&quot;slideInUp&quot;,&quot;animation_delay&quot;:50}\" href=\"https:\/\/99ajans.com\/pin\/takim-ve-performans-koclugu\/\">\n\t\t\t\t<div class=\"elementor-element elementor-element-3b46080 elementor-widget elementor-widget-heading\" data-id=\"3b46080\" data-element_type=\"widget\" data-e-type=\"widget\" data-widget_type=\"heading.default\">\n\t\t\t\t<div class=\"elementor-widget-container\">\n\t\t\t\t\t<h5 class=\"elementor-heading-title elementor-size-default\">Tak\u0131m ve Performans\nKo\u00e7lu\u011fu<\/h5>\t\t\t\t<\/div>\n\t\t\t\t<\/div>\n\t\t\t\t<div class=\"vamtam-has-theme-widget-styles elementor-element elementor-element-3c57b83 elementor-widget elementor-widget-text-editor\" data-id=\"3c57b83\" data-element_type=\"widget\" data-e-type=\"widget\" data-widget_type=\"text-editor.default\">\n\t\t\t\t<div class=\"elementor-widget-container\">\n\t\t\t\t\t\t\t\t\t<p>Ekip i\u00e7i uyumu, sorumluluk bilincini ve ortak hedeflere odaklanmay\u0131 g\u00fc\u00e7lendirerek tak\u0131m performans\u0131n\u0131 sistematik \u015fekilde geli\u015ftirir.<\/p>\t\t\t\t\t\t\t\t<\/div>\n\t\t\t\t<\/div>\n\t\t\t\t<\/a>\n\t\t\t\t<\/div>\n\t\t\t\t\t<\/div>\n\t\t\t\t<\/div>\n\t\t\t\t<\/div>\n\t\t<div class=\"elementor-element elementor-element-c8ad350 e-flex e-con-boxed e-con e-parent\" data-id=\"c8ad350\" data-element_type=\"container\" data-e-type=\"container\">\n\t\t\t\t\t<div class=\"e-con-inner\">\n\t\t<div class=\"elementor-element elementor-element-4749450 elementor-invisible e-con-full animated-fast e-flex e-con e-child\" data-id=\"4749450\" data-element_type=\"container\" data-e-type=\"container\" data-settings=\"{&quot;animation&quot;:&quot;fadeInUp&quot;}\">\n\t\t\t\t<div class=\"elementor-element elementor-element-af2f54a elementor-widget__width-initial elementor-widget elementor-widget-heading\" data-id=\"af2f54a\" data-element_type=\"widget\" data-e-type=\"widget\" data-widget_type=\"heading.default\">\n\t\t\t\t<div class=\"elementor-widget-container\">\n\t\t\t\t\t<h1 class=\"elementor-heading-title elementor-size-default\"><span class=\"color-accent-4\">Hangi Ko\u00e7luk Program\u0131<\/span><br>Sizin \u0130\u00e7in Do\u011fru? \u2192<\/h1>\t\t\t\t<\/div>\n\t\t\t\t<\/div>\n\t\t\t\t<div class=\"vamtam-has-theme-widget-styles elementor-element elementor-element-ee962ee vamtam-icon-pos-row-reverse vamtam-has-icon-styles vamtam-has-hover-anim vamtam-has-outside-icon elementor-widget elementor-widget-button\" data-id=\"ee962ee\" data-element_type=\"widget\" data-e-type=\"widget\" data-widget_type=\"button.default\">\n\t\t\t\t<div class=\"elementor-widget-container\">\n\t\t\t\t\t\t\t\t\t<div class=\"elementor-button-wrapper\">\n\t\t\t\t\t<a class=\"elementor-button elementor-button-link elementor-size-sm\" href=\"#\">\n\t\t\t\t\t\t<span class=\"elementor-button-content-wrapper\">\n\t\t\t\t\t\t<span class=\"elementor-button-icon\">\n\t\t\t\t<i aria-hidden=\"true\" class=\"vamtamtheme- vamtam-theme-arrow-link-up\"><\/i>\t\t\t<\/span>\n\t\t\t\t\t\t\t\t\t<span class=\"elementor-button-text\">Uzman\u0131m\u0131zla G\u00f6r\u00fc\u015f\u00fcn<\/span>\n\t\t\t\t\t<\/span>\n\t\t\t\t\t<\/a>\n\t\t\t\t<\/div>\n\t\t\t\t\t\t\t\t<\/div>\n\t\t\t\t<\/div>\n\t\t\t\t<div class=\"vamtam-has-theme-widget-styles elementor-element elementor-element-16f28c0 elementor-widget elementor-widget-button\" data-id=\"16f28c0\" data-element_type=\"widget\" data-e-type=\"widget\" data-widget_type=\"button.default\">\n\t\t\t\t<div class=\"elementor-widget-container\">\n\t\t\t\t\t\t\t\t\t<div class=\"elementor-button-wrapper\">\n\t\t\t\t\t<a class=\"elementor-button elementor-button-link elementor-size-sm\" href=\"#elementor-action%3Aaction%3Dpopup%3Aopen%26settings%3DeyJpZCI6IjQyODYiLCJ0b2dnbGUiOmZhbHNlLCJhbGlnbl93aXRoX3BhcmVudCI6IiJ9\">\n\t\t\t\t\t\t<span class=\"elementor-button-content-wrapper\">\n\t\t\t\t\t\t\t\t\t<span class=\"elementor-button-text\">\u00d6n Analiz Talep Et<\/span>\n\t\t\t\t\t<\/span>\n\t\t\t\t\t<\/a>\n\t\t\t\t<\/div>\n\t\t\t\t\t\t\t\t<\/div>\n\t\t\t\t<\/div>\n\t\t\t\t<\/div>\n\t\t\t\t\t<\/div>\n\t\t\t\t<\/div>\n\t\t\t\t<\/div>\n\t\t","protected":false},"excerpt":{"rendered":"<p>Sizin \u0130\u00e7in Do\u011fru Ko\u00e7luk Program\u0131n\u0131 Birlikte Belirleyelim Profesyonel Ko\u00e7luk E\u011fitimi Ko\u00e7luk yetkinliklerini geli\u015ftirmek isteyenler i\u00e7in uygulama odakl\u0131 ve uluslararas\u0131 standartlarda e\u011fitim program\u0131. Kurumsal Ko\u00e7luk Sistemleri Ko\u00e7luk yakla\u015f\u0131m\u0131n\u0131 organizasyon geneline entegre ederek s\u00fcrd\u00fcr\u00fclebilir performans, g\u00fc\u00e7l\u00fc ileti\u015fim ve geli\u015fim odakl\u0131 kurum k\u00fclt\u00fcr\u00fc olu\u015fturur. Executive &amp; Leadership Coaching \u00dcst d\u00fczey y\u00f6neticiler i\u00e7in stratejik bak\u0131\u015f a\u00e7\u0131s\u0131n\u0131 g\u00fc\u00e7lendiren, karar kalitesini&#8230;<\/p>\n","protected":false},"author":1,"featured_media":0,"parent":0,"menu_order":0,"comment_status":"closed","ping_status":"closed","template":"","meta":{"footnotes":""},"class_list":["post-989208","page","type-page","status-publish","hentry"],"_links":{"self":[{"href":"https:\/\/99ajans.com\/pin\/wp-json\/wp\/v2\/pages\/989208","targetHints":{"allow":["GET"]}}],"collection":[{"href":"https:\/\/99ajans.com\/pin\/wp-json\/wp\/v2\/pages"}],"about":[{"href":"https:\/\/99ajans.com\/pin\/wp-json\/wp\/v2\/types\/page"}],"author":[{"embeddable":true,"href":"https:\/\/99ajans.com\/pin\/wp-json\/wp\/v2\/users\/1"}],"replies":[{"embeddable":true,"href":"https:\/\/99ajans.com\/pin\/wp-json\/wp\/v2\/comments?post=989208"}],"version-history":[{"count":13,"href":"https:\/\/99ajans.com\/pin\/wp-json\/wp\/v2\/pages\/989208\/revisions"}],"predecessor-version":[{"id":989226,"href":"https:\/\/99ajans.com\/pin\/wp-json\/wp\/v2\/pages\/989208\/revisions\/989226"}],"wp:attachment":[{"href":"https:\/\/99ajans.com\/pin\/wp-json\/wp\/v2\/media?parent=989208"}],"curies":[{"name":"wp","href":"https:\/\/api.w.org\/{rel}","templated":true}]}}