{"id":856,"date":"2026-03-17T16:22:33","date_gmt":"2026-03-17T13:22:33","guid":{"rendered":"https:\/\/finovate.vamtam.com\/?page_id=856"},"modified":"2026-04-22T18:32:48","modified_gmt":"2026-04-22T15:32:48","slug":"pin-hub","status":"publish","type":"page","link":"https:\/\/99ajans.com\/pin\/pin-hub\/","title":{"rendered":"Pin Hub"},"content":{"rendered":"\t\t<div data-elementor-type=\"wp-page\" data-elementor-id=\"856\" class=\"elementor elementor-856\" data-elementor-settings=\"{&quot;element_pack_global_tooltip_width&quot;:{&quot;unit&quot;:&quot;px&quot;,&quot;size&quot;:&quot;&quot;,&quot;sizes&quot;:[]},&quot;element_pack_global_tooltip_width_tablet&quot;:{&quot;unit&quot;:&quot;px&quot;,&quot;size&quot;:&quot;&quot;,&quot;sizes&quot;:[]},&quot;element_pack_global_tooltip_width_mobile&quot;:{&quot;unit&quot;:&quot;px&quot;,&quot;size&quot;:&quot;&quot;,&quot;sizes&quot;:[]},&quot;element_pack_global_tooltip_padding&quot;:{&quot;unit&quot;:&quot;px&quot;,&quot;top&quot;:&quot;&quot;,&quot;right&quot;:&quot;&quot;,&quot;bottom&quot;:&quot;&quot;,&quot;left&quot;:&quot;&quot;,&quot;isLinked&quot;:true},&quot;element_pack_global_tooltip_padding_tablet&quot;:{&quot;unit&quot;:&quot;px&quot;,&quot;top&quot;:&quot;&quot;,&quot;right&quot;:&quot;&quot;,&quot;bottom&quot;:&quot;&quot;,&quot;left&quot;:&quot;&quot;,&quot;isLinked&quot;:true},&quot;element_pack_global_tooltip_padding_mobile&quot;:{&quot;unit&quot;:&quot;px&quot;,&quot;top&quot;:&quot;&quot;,&quot;right&quot;:&quot;&quot;,&quot;bottom&quot;:&quot;&quot;,&quot;left&quot;:&quot;&quot;,&quot;isLinked&quot;:true},&quot;element_pack_global_tooltip_border_radius&quot;:{&quot;unit&quot;:&quot;px&quot;,&quot;top&quot;:&quot;&quot;,&quot;right&quot;:&quot;&quot;,&quot;bottom&quot;:&quot;&quot;,&quot;left&quot;:&quot;&quot;,&quot;isLinked&quot;:true},&quot;element_pack_global_tooltip_border_radius_tablet&quot;:{&quot;unit&quot;:&quot;px&quot;,&quot;top&quot;:&quot;&quot;,&quot;right&quot;:&quot;&quot;,&quot;bottom&quot;:&quot;&quot;,&quot;left&quot;:&quot;&quot;,&quot;isLinked&quot;:true},&quot;element_pack_global_tooltip_border_radius_mobile&quot;:{&quot;unit&quot;:&quot;px&quot;,&quot;top&quot;:&quot;&quot;,&quot;right&quot;:&quot;&quot;,&quot;bottom&quot;:&quot;&quot;,&quot;left&quot;:&quot;&quot;,&quot;isLinked&quot;:true}}\" data-elementor-post-type=\"page\">\n\t\t\t\t<div class=\"elementor-element elementor-element-78a0a3d e-flex e-con-boxed e-con e-parent\" data-id=\"78a0a3d\" data-element_type=\"container\" data-e-type=\"container\">\n\t\t\t\t\t<div class=\"e-con-inner\">\n\t\t\t\t<div class=\"vamtam-has-theme-widget-styles elementor-element elementor-element-6f56f84 elementor-widget elementor-widget-text-editor\" data-id=\"6f56f84\" data-element_type=\"widget\" data-e-type=\"widget\" data-widget_type=\"text-editor.default\">\n\t\t\t\t<div class=\"elementor-widget-container\">\n\t\t\t\t\t\t\t\t\t<p>Pin Hub; liderlik, ekip y\u00f6netimi ve kurum k\u00fclt\u00fcr\u00fc \u00fczerine haz\u0131rlanm\u0131\u015f etkile\u015fimli testler, oylamalar ve i\u00e7g\u00f6r\u00fcler sunar.<\/p><p>Kendinizi ve ekibinizi \u00f6l\u00e7\u00fcn, sonu\u00e7lar\u0131 yorumlay\u0131n ve geli\u015fim alanlar\u0131n\u0131z\u0131 ke\u015ffedin.<\/p>\t\t\t\t\t\t\t\t<\/div>\n\t\t\t\t<\/div>\n\t\t\t\t\t<\/div>\n\t\t\t\t<\/div>\n\t\t<div class=\"elementor-element elementor-element-dcd366c e-flex e-con-boxed e-con e-parent\" data-id=\"dcd366c\" data-element_type=\"container\" data-e-type=\"container\">\n\t\t\t\t\t<div class=\"e-con-inner\">\n\t\t\t\t<div class=\"vamtam-has-theme-widget-styles elementor-element elementor-element-a0aa07a elementor-invisible elementor-grid-tablet-2 elementor-grid-3 animated-fast elementor-grid-mobile-1 elementor-widget elementor-widget-loop-grid\" data-id=\"a0aa07a\" data-element_type=\"widget\" data-e-type=\"widget\" data-settings=\"{&quot;template_id&quot;:&quot;2621&quot;,&quot;row_gap&quot;:{&quot;unit&quot;:&quot;px&quot;,&quot;size&quot;:20,&quot;sizes&quot;:[]},&quot;columns_tablet&quot;:2,&quot;columns&quot;:3,&quot;_animation&quot;:&quot;fadeIn&quot;,&quot;pagination_type&quot;:&quot;load_more_on_click&quot;,&quot;_skin&quot;:&quot;post&quot;,&quot;columns_mobile&quot;:&quot;1&quot;,&quot;edit_handle_selector&quot;:&quot;[data-elementor-type=\\&quot;loop-item\\&quot;]&quot;,&quot;load_more_spinner&quot;:{&quot;value&quot;:&quot;fas fa-spinner&quot;,&quot;library&quot;:&quot;fa-solid&quot;},&quot;row_gap_tablet&quot;:{&quot;unit&quot;:&quot;px&quot;,&quot;size&quot;:&quot;&quot;,&quot;sizes&quot;:[]},&quot;row_gap_mobile&quot;:{&quot;unit&quot;:&quot;px&quot;,&quot;size&quot;:&quot;&quot;,&quot;sizes&quot;:[]}}\" data-widget_type=\"loop-grid.post\">\n\t\t\t\t<div class=\"elementor-widget-container\">\n\t\t\t\t\t\t\t<div class=\"elementor-loop-container elementor-grid\" role=\"list\">\r\n\t\t<style id=\"loop-dynamic-2621\">.e-loop-item-989723 .elementor-element.elementor-element-1004e19:not(.elementor-motion-effects-element-type-background), .e-loop-item-989723 .elementor-element.elementor-element-1004e19 > .elementor-motion-effects-container > .elementor-motion-effects-layer{background-image:url(\"https:\/\/99ajans.com\/pin\/wp-content\/uploads\/2026\/04\/cevik-liderlik123.jpg\");}<\/style><style id=\"loop-2621\">.elementor-2621 .elementor-element.elementor-element-0fc0358{--display:flex;--flex-direction:column;--container-widget-width:100%;--container-widget-height:initial;--container-widget-flex-grow:0;--container-widget-align-self:initial;--flex-wrap-mobile:wrap;--justify-content:space-between;--gap:30px 30px;--row-gap:30px;--column-gap:30px;--background-transition:0.3s;--border-radius:24px 24px 24px 24px;--padding-top:20px;--padding-bottom:20px;--padding-left:20px;--padding-right:20px;}.elementor-2621 .elementor-element.elementor-element-0fc0358:not(.elementor-motion-effects-element-type-background), .elementor-2621 .elementor-element.elementor-element-0fc0358 > .elementor-motion-effects-container > .elementor-motion-effects-layer{background-color:var( --e-global-color-vamtam_accent_5 );}.elementor-2621 .elementor-element.elementor-element-0fc0358:hover{background-color:var( --e-global-color-vamtam_accent_2 );}.elementor-2621 .elementor-element.elementor-element-85d77b4{--display:flex;--gap:10px 10px;--row-gap:10px;--column-gap:10px;--padding-top:0px;--padding-bottom:0px;--padding-left:0px;--padding-right:0px;}.elementor-2621 .elementor-element.elementor-element-1004e19{--display:flex;--min-height:290px;--border-radius:16px 16px 16px 16px;--padding-top:0px;--padding-bottom:0px;--padding-left:0px;--padding-right:0px;}.elementor-2621 .elementor-element.elementor-element-1004e19:not(.elementor-motion-effects-element-type-background), .elementor-2621 .elementor-element.elementor-element-1004e19 > .elementor-motion-effects-container > .elementor-motion-effects-layer{background-color:var( --e-global-color-vamtam_accent_3 );background-position:center center;background-repeat:no-repeat;background-size:cover;}.elementor-2621 .elementor-element.elementor-element-cf779c7 .elementor-icon-list-icon{width:14px;}.elementor-2621 .elementor-element.elementor-element-cf779c7 .elementor-icon-list-icon i{font-size:14px;}.elementor-2621 .elementor-element.elementor-element-cf779c7 .elementor-icon-list-icon svg{--e-icon-list-icon-size:14px;}.elementor-2621 .elementor-element.elementor-element-cf779c7 .elementor-icon-list-text, .elementor-2621 .elementor-element.elementor-element-cf779c7 .elementor-icon-list-text a{color:var( --e-global-color-vamtam_accent_1 );}.elementor-2621 .elementor-element.elementor-element-cf779c7 .elementor-icon-list-item{font-family:var( --e-global-typography-8f4394f-font-family ), Sans-serif;font-size:var( --e-global-typography-8f4394f-font-size );font-weight:var( --e-global-typography-8f4394f-font-weight );text-transform:var( --e-global-typography-8f4394f-text-transform );font-style:var( --e-global-typography-8f4394f-font-style );text-decoration:var( --e-global-typography-8f4394f-text-decoration );line-height:var( --e-global-typography-8f4394f-line-height );letter-spacing:var( --e-global-typography-8f4394f-letter-spacing );word-spacing:var( --e-global-typography-8f4394f-word-spacing );}.elementor-2621 .elementor-element.elementor-element-cf779c7 > .elementor-widget-container{margin:5px 0px -2px 0px;}.elementor-2621 .elementor-element.elementor-element-118065b > .elementor-widget-container{margin:0px 20px 0px 0px;}.elementor-2621 .elementor-element.elementor-element-1f51abc{--display:flex;--flex-direction:row;--container-widget-width:initial;--container-widget-height:100%;--container-widget-flex-grow:1;--container-widget-align-self:stretch;--flex-wrap-mobile:wrap;--justify-content:flex-end;--padding-top:0px;--padding-bottom:0px;--padding-left:0px;--padding-right:0px;}.elementor-2621 .elementor-element.elementor-global-3518.elementor-view-stacked .elementor-icon{background-color:var( --e-global-color-vamtam_accent_3 );color:var( --e-global-color-vamtam_accent_1 );}.elementor-2621 .elementor-element.elementor-global-3518.elementor-view-framed .elementor-icon, .elementor-2621 .elementor-element.elementor-global-3518.elementor-view-default .elementor-icon{color:var( --e-global-color-vamtam_accent_3 );border-color:var( --e-global-color-vamtam_accent_3 );}.elementor-2621 .elementor-element.elementor-global-3518.elementor-view-framed .elementor-icon, .elementor-2621 .elementor-element.elementor-global-3518.elementor-view-default .elementor-icon svg{fill:var( --e-global-color-vamtam_accent_3 );}.elementor-2621 .elementor-element.elementor-global-3518.elementor-view-framed .elementor-icon{background-color:var( --e-global-color-vamtam_accent_1 );}.elementor-2621 .elementor-element.elementor-global-3518.elementor-view-stacked .elementor-icon svg{fill:var( --e-global-color-vamtam_accent_1 );}.elementor-2621 .elementor-element.elementor-global-3518.elementor-view-stacked .elementor-icon:hover{background-color:var( --e-global-color-vamtam_accent_1 );color:var( --e-global-color-vamtam_accent_2 );}.elementor-2621 .elementor-element.elementor-global-3518.elementor-view-framed .elementor-icon:hover, .elementor-2621 .elementor-element.elementor-global-3518.elementor-view-default .elementor-icon:hover{color:var( --e-global-color-vamtam_accent_1 );border-color:var( --e-global-color-vamtam_accent_1 );}.elementor-2621 .elementor-element.elementor-global-3518.elementor-view-framed .elementor-icon:hover, .elementor-2621 .elementor-element.elementor-global-3518.elementor-view-default .elementor-icon:hover svg{fill:var( --e-global-color-vamtam_accent_1 );}.elementor-2621 .elementor-element.elementor-global-3518{--vamtam-hpc:var( --e-global-color-vamtam_accent_1 );--vamtam-hsc:var( --e-global-color-vamtam_accent_2 );}.elementor-2621 .elementor-element.elementor-global-3518.elementor-view-framed .elementor-icon:hover{background-color:var( --e-global-color-vamtam_accent_2 );}.elementor-2621 .elementor-element.elementor-global-3518.elementor-view-stacked .elementor-icon:hover svg{fill:var( --e-global-color-vamtam_accent_2 );}.elementor-2621 .elementor-element.elementor-global-3518 .elementor-icon{font-size:12px;padding:20px;}.elementor-2621 .elementor-element.elementor-global-3518 .elementor-icon svg{height:12px;}.elementor-2621 .elementor-element.elementor-global-3518 > .elementor-widget-container{margin:0px 0px -5px 0px;}@media(max-width:1024px){.elementor-2621 .elementor-element.elementor-element-cf779c7 .elementor-icon-list-item{font-size:var( --e-global-typography-8f4394f-font-size );line-height:var( --e-global-typography-8f4394f-line-height );letter-spacing:var( --e-global-typography-8f4394f-letter-spacing );word-spacing:var( --e-global-typography-8f4394f-word-spacing );}.elementor-2621 .elementor-element.elementor-element-118065b > .elementor-widget-container{margin:0px 0px 0px 0px;}}@media(max-width:767px){.elementor-2621 .elementor-element.elementor-element-0fc0358{--gap:10px 10px;--row-gap:10px;--column-gap:10px;}.elementor-2621 .elementor-element.elementor-element-cf779c7 .elementor-icon-list-item{font-size:var( --e-global-typography-8f4394f-font-size );line-height:var( --e-global-typography-8f4394f-line-height );letter-spacing:var( --e-global-typography-8f4394f-letter-spacing );word-spacing:var( --e-global-typography-8f4394f-word-spacing );}}<\/style>\t\t<div data-elementor-type=\"loop-item\" data-elementor-id=\"2621\" class=\"elementor elementor-2621 e-loop-item e-loop-item-989723 post-989723 post type-post status-publish format-standard has-post-thumbnail hentry category-oylamalar\" data-elementor-post-type=\"elementor_library\" data-custom-edit-handle=\"1\">\r\n\t\t\t<a class=\"elementor-element elementor-element-0fc0358 vamtam-icon-hover-parent e-flex e-con-boxed e-con e-parent\" data-id=\"0fc0358\" data-element_type=\"container\" data-e-type=\"container\" data-settings=\"{&quot;background_background&quot;:&quot;classic&quot;}\" href=\"https:\/\/99ajans.com\/pin\/iyi-bir-lider-misiniz\/\">\n\t\t\t\t\t<div class=\"e-con-inner\">\n\t\t<div class=\"elementor-element elementor-element-85d77b4 e-con-full e-flex e-con e-child\" data-id=\"85d77b4\" data-element_type=\"container\" data-e-type=\"container\">\n\t\t<div class=\"elementor-element elementor-element-1004e19 e-con-full e-flex e-con e-child\" data-id=\"1004e19\" data-element_type=\"container\" data-e-type=\"container\" data-settings=\"{&quot;background_background&quot;:&quot;classic&quot;}\">\n\t\t\t\t<\/div>\n\t\t\t\t<div class=\"elementor-element elementor-element-cf779c7 elementor-widget elementor-widget-post-info\" data-id=\"cf779c7\" data-element_type=\"widget\" data-e-type=\"widget\" data-widget_type=\"post-info.default\">\n\t\t\t\t<div class=\"elementor-widget-container\">\n\t\t\t\t\t\t\t<ul class=\"elementor-inline-items elementor-icon-list-items elementor-post-info\">\r\n\t\t\t\t\t\t\t\t<li class=\"elementor-icon-list-item elementor-repeater-item-1524b1e elementor-inline-item\" itemprop=\"about\">\r\n\t\t\t\t\t\t\t\t\t\t\t\t\t<span class=\"elementor-icon-list-text elementor-post-info__item elementor-post-info__item--type-terms\">\r\n\t\t\t\t\t\t\t\t\t\t<span class=\"elementor-post-info__terms-list\">\r\n\t\t\t\t<span class=\"elementor-post-info__terms-list-item\">Oylamalar<\/span>\t\t\t\t<\/span>\r\n\t\t\t\t\t<\/span>\r\n\t\t\t\t\t\t\t\t<\/li>\r\n\t\t\t\t<\/ul>\r\n\t\t\t\t\t\t<\/div>\n\t\t\t\t<\/div>\n\t\t\t\t<div class=\"elementor-element elementor-element-118065b elementor-widget elementor-widget-theme-post-title elementor-page-title elementor-widget-heading\" data-id=\"118065b\" data-element_type=\"widget\" data-e-type=\"widget\" data-widget_type=\"theme-post-title.default\">\n\t\t\t\t<div class=\"elementor-widget-container\">\n\t\t\t\t\t<h4 class=\"elementor-heading-title elementor-size-default\">\u0130yi Bir Lider misiniz?<\/h4>\t\t\t\t<\/div>\n\t\t\t\t<\/div>\n\t\t\t\t<\/div>\n\t\t<div class=\"elementor-element elementor-element-1f51abc e-con-full e-flex e-con e-child\" data-id=\"1f51abc\" data-element_type=\"container\" data-e-type=\"container\">\n\t\t\t\t<div class=\"vamtam-has-theme-widget-styles elementor-element elementor-element-483de23 elementor-invisible elementor-view-stacked vamtam-has-parent-hover animated-fast elementor-shape-circle elementor-widget elementor-widget-global elementor-global-3518 elementor-widget-icon\" data-id=\"483de23\" data-element_type=\"widget\" data-e-type=\"widget\" data-settings=\"{&quot;_animation&quot;:&quot;zoomIn&quot;,&quot;_animation_delay&quot;:50}\" data-widget_type=\"icon.default\">\n\t\t\t\t<div class=\"elementor-widget-container\">\n\t\t\t\t\t\t\t<div class=\"elementor-icon-wrapper\">\n\t\t\t<div class=\"elementor-icon\">\n\t\t\t<i aria-hidden=\"true\" class=\"vamtamtheme- vamtam-theme-arrow-link-up\"><\/i>\t\t\t<\/div>\n\t\t<\/div>\n\t\t\t\t\t\t<\/div>\n\t\t\t\t<\/div>\n\t\t\t\t<\/div>\n\t\t\t\t\t<\/div>\n\t\t\t\t<\/a>\n\t\t\t\t<\/div>\r\n\t\t\t\t<\/div>\r\n\t\t\t\t\t<span class=\"e-load-more-spinner\">\r\n\t\t\t\t<svg aria-hidden=\"true\" class=\"e-font-icon-svg e-fas-spinner\" viewBox=\"0 0 512 512\" xmlns=\"http:\/\/www.w3.org\/2000\/svg\"><path d=\"M304 48c0 26.51-21.49 48-48 48s-48-21.49-48-48 21.49-48 48-48 48 21.49 48 48zm-48 368c-26.51 0-48 21.49-48 48s21.49 48 48 48 48-21.49 48-48-21.49-48-48-48zm208-208c-26.51 0-48 21.49-48 48s21.49 48 48 48 48-21.49 48-48-21.49-48-48-48zM96 256c0-26.51-21.49-48-48-48S0 229.49 0 256s21.49 48 48 48 48-21.49 48-48zm12.922 99.078c-26.51 0-48 21.49-48 48s21.49 48 48 48 48-21.49 48-48c0-26.509-21.491-48-48-48zm294.156 0c-26.51 0-48 21.49-48 48s21.49 48 48 48 48-21.49 48-48c0-26.509-21.49-48-48-48zM108.922 60.922c-26.51 0-48 21.49-48 48s21.49 48 48 48 48-21.49 48-48-21.491-48-48-48z\"><\/path><\/svg>\t\t\t<\/span>\r\n\t\t\r\n\t\t\t\t\t\t<\/div>\n\t\t\t\t<\/div>\n\t\t\t\t\t<\/div>\n\t\t\t\t<\/div>\n\t\t\t\t<\/div>\n\t\t","protected":false},"excerpt":{"rendered":"<p>Pin Hub; liderlik, ekip y\u00f6netimi ve kurum k\u00fclt\u00fcr\u00fc \u00fczerine haz\u0131rlanm\u0131\u015f etkile\u015fimli testler, oylamalar ve i\u00e7g\u00f6r\u00fcler sunar. Kendinizi ve ekibinizi \u00f6l\u00e7\u00fcn, sonu\u00e7lar\u0131 yorumlay\u0131n ve geli\u015fim alanlar\u0131n\u0131z\u0131 ke\u015ffedin.<\/p>\n","protected":false},"author":1,"featured_media":0,"parent":0,"menu_order":0,"comment_status":"closed","ping_status":"closed","template":"","meta":{"footnotes":""},"class_list":["post-856","page","type-page","status-publish","hentry"],"_links":{"self":[{"href":"https:\/\/99ajans.com\/pin\/wp-json\/wp\/v2\/pages\/856","targetHints":{"allow":["GET"]}}],"collection":[{"href":"https:\/\/99ajans.com\/pin\/wp-json\/wp\/v2\/pages"}],"about":[{"href":"https:\/\/99ajans.com\/pin\/wp-json\/wp\/v2\/types\/page"}],"author":[{"embeddable":true,"href":"https:\/\/99ajans.com\/pin\/wp-json\/wp\/v2\/users\/1"}],"replies":[{"embeddable":true,"href":"https:\/\/99ajans.com\/pin\/wp-json\/wp\/v2\/comments?post=856"}],"version-history":[{"count":11,"href":"https:\/\/99ajans.com\/pin\/wp-json\/wp\/v2\/pages\/856\/revisions"}],"predecessor-version":[{"id":989764,"href":"https:\/\/99ajans.com\/pin\/wp-json\/wp\/v2\/pages\/856\/revisions\/989764"}],"wp:attachment":[{"href":"https:\/\/99ajans.com\/pin\/wp-json\/wp\/v2\/media?parent=856"}],"curies":[{"name":"wp","href":"https:\/\/api.w.org\/{rel}","templated":true}]}}