{"id":18725,"date":"2024-02-27T06:09:27","date_gmt":"2024-02-27T06:09:27","guid":{"rendered":"http:\/\/192.168.0.134:10115\/?page_id=18725"},"modified":"2026-04-13T16:35:14","modified_gmt":"2026-04-13T13:35:14","slug":"kariyer","status":"publish","type":"page","link":"https:\/\/99ajans.com\/adatek\/kariyer\/","title":{"rendered":"Kariyer"},"content":{"rendered":"\t\t<div data-elementor-type=\"wp-page\" data-elementor-id=\"18725\" class=\"elementor elementor-18725\">\n\t\t\t\t\r\n\t\t<div class=\"default no-position show_shadow rs-sticky-default elementor-element elementor-element-9c84fbe e-flex e-con-boxed e-con e-parent\" data-id=\"9c84fbe\" data-element_type=\"container\" data-e-type=\"container\">\n\t\t\t\t\t<div class=\"e-con-inner\">\n\t\t\r\n\t\t<div class=\"default no-position show_shadow rs-sticky-default elementor-element elementor-element-0bb1d63 e-con-full e-flex e-con e-child\" data-id=\"0bb1d63\" data-element_type=\"container\" data-e-type=\"container\">\n\t\t\r\n\t\t<div class=\"default no-position show_shadow rs-sticky-default elementor-element elementor-element-f9e8232 e-con-full e-flex elementor-invisible e-con e-child\" data-id=\"f9e8232\" data-element_type=\"container\" data-e-type=\"container\" data-settings=\"{&quot;background_background&quot;:&quot;classic&quot;,&quot;animation&quot;:&quot;fadeInLeft&quot;}\">\n\t\t\r\n\t\t\t\t<div class=\"elementor-element elementor-element-4504af1 elementor-widget elementor-widget-rs-heading\" data-id=\"4504af1\" data-element_type=\"widget\" data-e-type=\"widget\" data-widget_type=\"rs-heading.default\">\n\t\t\t\t<div class=\"elementor-widget-container\">\n\t\t\t\t\t\n\t\t<div class=\"prelements-heading style1  \">\n\t\t\t<div class=\"title-inner\">\n\t\t\t\t\t\t\t\t\t<span class=\"sub-text\">\n\t\t\t\t\t\t<svg xmlns=\"http:\/\/www.w3.org\/2000\/svg\" width=\"11\" height=\"15\" viewBox=\"0 0 11 15\" fill=\"none\"><path d=\"M3.14286 10L0 15L8.78104e-07 0L3.14286 5V10Z\" fill=\"#EA5501\"><\/path><path fill-rule=\"evenodd\" clip-rule=\"evenodd\" d=\"M6.28571 10L3.14286 15L3.14286 10L4.71428 7.5L3.14286 5L3.14286 0L6.28571 5L6.28571 10ZM6.28571 10L7.85714 7.5L6.28571 5V0L11 7.5L6.28571 15V10Z\" fill=\"#EA5501\"><\/path><\/svg>\t\t\t\t\t\t\u0130nsan Kaynaklar\u0131\t\t\t\t\t<\/span>\n\t\t\t\t<h2 class=\"title rs-split-text-enable split-in-fade\">M\u00fchendislik g\u00fcc\u00fcm\u00fcz\u00fc birlikte b\u00fcy\u00fctelim.<\/h2>\n\t\t\t<\/div>\n\t\t\t\t\t\t\t<div class=\"description\">\n\t\t\t\t\t<p>Adatek olarak end\u00fcstriyel vana, pompa ve proses ekipmanlar\u0131 alan\u0131ndaki uzmanl\u0131\u011f\u0131m\u0131z\u0131; g\u00fc\u00e7l\u00fc ekip \u00e7al\u0131\u015fmas\u0131, teknik yetkinlik ve \u00e7\u00f6z\u00fcm odakl\u0131 yakla\u015f\u0131m\u0131m\u0131zla gelece\u011fe ta\u015f\u0131yoruz. Her projede g\u00fcvenilir, s\u00fcrd\u00fcr\u00fclebilir ve sonu\u00e7 odakl\u0131 \u00e7\u00f6z\u00fcmler \u00fcretirken; ekibimizin geli\u015fimini i\u015fimizin \u00f6nemli bir par\u00e7as\u0131 olarak g\u00f6r\u00fcyoruz.<\/p><p>\u00a0<\/p><h5><strong>Bizimle \u00e7al\u0131\u015fmak ister misiniz?<\/strong><\/h5><p>Teknik bilgi birikiminizi sahaya ve projelere yans\u0131tmak, end\u00fcstriyel \u00e7\u00f6z\u00fcmler alan\u0131nda geli\u015fmek ve dinamik bir ekip i\u00e7erisinde yer almak i\u00e7in ba\u015fvurular\u0131n\u0131z\u0131 bekliyoruz.<\/p><p>\u00a0<\/p><p>Adatek\u2019te yaln\u0131zca bir pozisyon de\u011fil, geli\u015fim odakl\u0131 bir \u00e7al\u0131\u015fma ortam\u0131 sunuyoruz. M\u00fc\u015fteri ihtiya\u00e7lar\u0131n\u0131 do\u011fru analiz eden, \u00e7\u00f6z\u00fcm \u00fcretmeye odaklanan ve teknik bilgiyle de\u011fer yaratan bir ekibin par\u00e7as\u0131 olursunuz.<\/p>\t\t\t\t<\/div>\n\t\t\t\t\t<\/div>\n\t\t\t\t<\/div>\n\t\t\t\t<\/div>\n\t\t\t\t<\/div>\n\t\t\t\t<\/div>\n\t\t\r\n\t\t<div class=\"default no-position show_shadow rs-sticky-default elementor-element elementor-element-120589f e-con-full e-flex e-con e-child\" data-id=\"120589f\" data-element_type=\"container\" data-e-type=\"container\">\n\t\t\r\n\t\t<div class=\"default no-position show_shadow rs-sticky-default elementor-element elementor-element-18fb1db e-con-full e-flex e-con e-child\" data-id=\"18fb1db\" data-element_type=\"container\" data-e-type=\"container\" data-settings=\"{&quot;background_background&quot;:&quot;classic&quot;}\">\n\t\t\r\n\t\t\t\t<div class=\"elementor-element elementor-element-f248156 elementor-widget elementor-widget-rs-heading\" data-id=\"f248156\" data-element_type=\"widget\" data-e-type=\"widget\" data-widget_type=\"rs-heading.default\">\n\t\t\t\t<div class=\"elementor-widget-container\">\n\t\t\t\t\t\n\t\t<div class=\"prelements-heading default  \">\n\t\t\t<div class=\"title-inner\">\n\t\t\t\t<h3 class=\"title rs-split-text-disable \">Size uygun pozisyonu birlikte de\u011ferlendirelim.<\/h3>\n\t\t\t<\/div>\n\t\t\t\t\t<\/div>\n\t\t\t\t<\/div>\n\t\t\t\t<\/div>\n\t\t\r\n\t\t\t\t<div class=\"elementor-element elementor-element-ba1a2e3 elementor-widget elementor-widget-rs-cf7\" data-id=\"ba1a2e3\" data-element_type=\"widget\" data-e-type=\"widget\" data-widget_type=\"rs-cf7.default\">\n\t\t\t\t<div class=\"elementor-widget-container\">\n\t\t\t\t\t<div class=\"contact-home4 \">\n<div class=\"wpcf7 no-js\" id=\"wpcf7-f15071-o1\" lang=\"en-US\" dir=\"ltr\" data-wpcf7-id=\"15071\">\n<div class=\"screen-reader-response\"><p role=\"status\" aria-live=\"polite\" aria-atomic=\"true\"><\/p> <ul><\/ul><\/div>\n<form action=\"\/adatek\/wp-json\/wp\/v2\/pages\/18725#wpcf7-f15071-o1\" method=\"post\" class=\"wpcf7-form init\" aria-label=\"Contact form\" enctype=\"multipart\/form-data\" novalidate=\"novalidate\" data-status=\"init\">\n<fieldset class=\"hidden-fields-container\"><input type=\"hidden\" name=\"_wpcf7\" value=\"15071\" \/><input type=\"hidden\" name=\"_wpcf7_version\" value=\"6.1.4\" \/><input type=\"hidden\" name=\"_wpcf7_locale\" value=\"en_US\" \/><input type=\"hidden\" name=\"_wpcf7_unit_tag\" value=\"wpcf7-f15071-o1\" \/><input type=\"hidden\" name=\"_wpcf7_container_post\" value=\"0\" \/><input type=\"hidden\" name=\"_wpcf7_posted_data_hash\" value=\"\" \/>\n<\/fieldset>\n<div class=\"row\">\n\t<div class=\"col-md-6\">\n\t\t<p><span class=\"wpcf7-form-control-wrap\" data-name=\"your-name\"><input size=\"40\" maxlength=\"400\" class=\"wpcf7-form-control wpcf7-text\" aria-invalid=\"false\" placeholder=\"Ad\u0131n\u0131z\" value=\"\" type=\"text\" name=\"your-name\" \/><\/span>\n\t\t<\/p>\n\t<\/div>\n\t<div class=\"col-md-6\">\n\t\t<p><span class=\"wpcf7-form-control-wrap\" data-name=\"your-name\"><input size=\"40\" maxlength=\"400\" class=\"wpcf7-form-control wpcf7-text\" aria-invalid=\"false\" placeholder=\"Soyad\u0131n\u0131z\" value=\"\" type=\"text\" name=\"your-name\" \/><\/span>\n\t\t<\/p>\n\t<\/div>\n\t<div class=\"col-md-6\">\n\t\t<p><span class=\"wpcf7-form-control-wrap\" data-name=\"your-email\"><input size=\"40\" maxlength=\"400\" class=\"wpcf7-form-control wpcf7-email wpcf7-text wpcf7-validates-as-email\" aria-invalid=\"false\" placeholder=\"E-mail\" value=\"\" type=\"email\" name=\"your-email\" \/><\/span>\n\t\t<\/p>\n\t<\/div>\n\t<div class=\"col-md-6\">\n\t\t<p><span class=\"wpcf7-form-control-wrap\" data-name=\"phone-number\"><input size=\"40\" maxlength=\"400\" class=\"wpcf7-form-control wpcf7-text\" aria-invalid=\"false\" placeholder=\"Telefon\" value=\"\" type=\"text\" name=\"phone-number\" \/><\/span>\n\t\t<\/p>\n\t<\/div>\n\t<div class=\"col-md-4\">\n\t\t<p><span class=\"wpcf7-form-control-wrap\" data-name=\"cvyukle\"><input size=\"40\" class=\"wpcf7-form-control wpcf7-file wpcf7-validates-as-required cv-upload\" accept=\".pdf,.doc,.docx\" aria-required=\"true\" aria-invalid=\"false\" type=\"file\" name=\"cvyukle\" \/><\/span>\n\t\t<\/p>\n\t<\/div>\n\t<div class=\"col-12\">\n\t\t<p><span class=\"wpcf7-form-control-wrap\" data-name=\"your-message\"><textarea cols=\"40\" rows=\"10\" maxlength=\"2000\" class=\"wpcf7-form-control wpcf7-textarea\" aria-invalid=\"false\" placeholder=\"Mesaj\u0131n\u0131z\u0131 yaz\u0131n...\" name=\"your-message\"><\/textarea><\/span>\n\t\t<\/p>\n\t\t<div class=\"form-btn-area\">\n\t\t\t<p><input class=\"wpcf7-form-control wpcf7-submit has-spinner\" type=\"submit\" value=\"Ba\u015fvurumu G\u00f6nder\" \/><br \/>\n<svg xmlns=\"http:\/\/www.w3.org\/2000\/svg\" width=\"18\" height=\"12\" viewBox=\"0 0 18 12\" fill=\"none\"><path fill-rule=\"evenodd\" clip-rule=\"evenodd\" d=\"M0 6C0 5.66249 0.273604 5.38889 0.611111 5.38889L15.0246 5.38889L11.179 1.54323C10.9403 1.30458 10.9403 0.917644 11.179 0.67899C11.4176 0.440336 11.8046 0.440336 12.0432 0.67899L16.9321 5.56788C17.1708 5.80653 17.1708 6.19347 16.9321 6.43212L12.0432 11.321C11.8046 11.5597 11.4176 11.5597 11.179 11.321C10.9403 11.0824 10.9403 10.6954 11.179 10.4568L15.0246 6.61111L0.611111 6.61111C0.273604 6.61111 0 6.33751 0 6Z\" fill=\"#616161\"><\/path><\/svg>\n\t\t\t<\/p>\n\t\t<\/div>\n\t<\/div>\n<\/div><div class=\"wpcf7-response-output\" aria-hidden=\"true\"><\/div>\n<\/form>\n<\/div>\n<\/div>\t\t\t\t<\/div>\n\t\t\t\t<\/div>\n\t\t\t\t<\/div>\n\t\t\t\t<\/div>\n\t\t\t\t\t<\/div>\n\t\t\t\t<\/div>\n\t\t\t\t<\/div>\n\t\t","protected":false},"excerpt":{"rendered":"<p>\u0130nsan Kaynaklar\u0131 M\u00fchendislik g\u00fcc\u00fcm\u00fcz\u00fc birlikte b\u00fcy\u00fctelim. Adatek olarak end\u00fcstriyel vana, pompa ve proses ekipmanlar\u0131 alan\u0131ndaki uzmanl\u0131\u011f\u0131m\u0131z\u0131; g\u00fc\u00e7l\u00fc ekip \u00e7al\u0131\u015fmas\u0131, teknik yetkinlik ve \u00e7\u00f6z\u00fcm odakl\u0131 yakla\u015f\u0131m\u0131m\u0131zla gelece\u011fe ta\u015f\u0131yoruz. Her projede g\u00fcvenilir, s\u00fcrd\u00fcr\u00fclebilir ve sonu\u00e7 odakl\u0131 \u00e7\u00f6z\u00fcmler \u00fcretirken; ekibimizin geli\u015fimini i\u015fimizin \u00f6nemli bir par\u00e7as\u0131 olarak g\u00f6r\u00fcyoruz. \u00a0 Bizimle \u00e7al\u0131\u015fmak ister misiniz? Teknik bilgi birikiminizi sahaya ve projelere&#8230;<\/p>\n","protected":false},"author":1,"featured_media":0,"parent":0,"menu_order":0,"comment_status":"closed","ping_status":"closed","template":"elementor_header_footer","meta":{"footnotes":""},"class_list":["post-18725","page","type-page","status-publish","hentry"],"yoast_head":"<!-- This site is optimized with the Yoast SEO plugin v26.6 - https:\/\/yoast.com\/wordpress\/plugins\/seo\/ -->\n<title>Kariyer - Adatek M\u00fchendislik San ve Tic. Ltd. \u015eti<\/title>\n<meta name=\"robots\" content=\"index, follow, max-snippet:-1, max-image-preview:large, max-video-preview:-1\" \/>\n<link rel=\"canonical\" href=\"https:\/\/99ajans.com\/adatek\/kariyer\/\" \/>\n<meta property=\"og:locale\" content=\"tr_TR\" \/>\n<meta property=\"og:type\" content=\"article\" \/>\n<meta property=\"og:title\" content=\"Kariyer - Adatek M\u00fchendislik San ve Tic. Ltd. \u015eti\" \/>\n<meta property=\"og:description\" content=\"\u0130nsan Kaynaklar\u0131 M\u00fchendislik g\u00fcc\u00fcm\u00fcz\u00fc birlikte b\u00fcy\u00fctelim. Adatek olarak end\u00fcstriyel vana, pompa ve proses ekipmanlar\u0131 alan\u0131ndaki uzmanl\u0131\u011f\u0131m\u0131z\u0131; g\u00fc\u00e7l\u00fc ekip \u00e7al\u0131\u015fmas\u0131, teknik yetkinlik ve \u00e7\u00f6z\u00fcm odakl\u0131 yakla\u015f\u0131m\u0131m\u0131zla gelece\u011fe ta\u015f\u0131yoruz. Her projede g\u00fcvenilir, s\u00fcrd\u00fcr\u00fclebilir ve sonu\u00e7 odakl\u0131 \u00e7\u00f6z\u00fcmler \u00fcretirken; ekibimizin geli\u015fimini i\u015fimizin \u00f6nemli bir par\u00e7as\u0131 olarak g\u00f6r\u00fcyoruz. \u00a0 Bizimle \u00e7al\u0131\u015fmak ister misiniz? Teknik bilgi birikiminizi sahaya ve projelere...\" \/>\n<meta property=\"og:url\" content=\"https:\/\/99ajans.com\/adatek\/kariyer\/\" \/>\n<meta property=\"og:site_name\" content=\"Adatek M\u00fchendislik San ve Tic. Ltd. \u015eti\" \/>\n<meta property=\"article:modified_time\" content=\"2026-04-13T13:35:14+00:00\" \/>\n<meta name=\"twitter:card\" content=\"summary_large_image\" \/>\n<meta name=\"twitter:label1\" content=\"Tahmini okuma s\u00fcresi\" \/>\n\t<meta name=\"twitter:data1\" content=\"1 dakika\" \/>\n<script type=\"application\/ld+json\" class=\"yoast-schema-graph\">{\"@context\":\"https:\/\/schema.org\",\"@graph\":[{\"@type\":\"WebPage\",\"@id\":\"https:\/\/99ajans.com\/adatek\/kariyer\/\",\"url\":\"https:\/\/99ajans.com\/adatek\/kariyer\/\",\"name\":\"Kariyer - Adatek M\u00fchendislik San ve Tic. Ltd. \u015eti\",\"isPartOf\":{\"@id\":\"https:\/\/99ajans.com\/adatek\/#website\"},\"datePublished\":\"2024-02-27T06:09:27+00:00\",\"dateModified\":\"2026-04-13T13:35:14+00:00\",\"breadcrumb\":{\"@id\":\"https:\/\/99ajans.com\/adatek\/kariyer\/#breadcrumb\"},\"inLanguage\":\"tr\",\"potentialAction\":[{\"@type\":\"ReadAction\",\"target\":[\"https:\/\/99ajans.com\/adatek\/kariyer\/\"]}]},{\"@type\":\"BreadcrumbList\",\"@id\":\"https:\/\/99ajans.com\/adatek\/kariyer\/#breadcrumb\",\"itemListElement\":[{\"@type\":\"ListItem\",\"position\":1,\"name\":\"Anasayfa\",\"item\":\"https:\/\/99ajans.com\/adatek\/\"},{\"@type\":\"ListItem\",\"position\":2,\"name\":\"Kariyer\"}]},{\"@type\":\"WebSite\",\"@id\":\"https:\/\/99ajans.com\/adatek\/#website\",\"url\":\"https:\/\/99ajans.com\/adatek\/\",\"name\":\"Adatek M\u00fchendislik San ve Tic. Ltd. \u015eti\",\"description\":\"\",\"publisher\":{\"@id\":\"https:\/\/99ajans.com\/adatek\/#organization\"},\"potentialAction\":[{\"@type\":\"SearchAction\",\"target\":{\"@type\":\"EntryPoint\",\"urlTemplate\":\"https:\/\/99ajans.com\/adatek\/?s={search_term_string}\"},\"query-input\":{\"@type\":\"PropertyValueSpecification\",\"valueRequired\":true,\"valueName\":\"search_term_string\"}}],\"inLanguage\":\"tr\"},{\"@type\":\"Organization\",\"@id\":\"https:\/\/99ajans.com\/adatek\/#organization\",\"name\":\"Adatek M\u00fchendislik San ve Tic. Ltd. \u015eti\",\"url\":\"https:\/\/99ajans.com\/adatek\/\",\"logo\":{\"@type\":\"ImageObject\",\"inLanguage\":\"tr\",\"@id\":\"https:\/\/99ajans.com\/adatek\/#\/schema\/logo\/image\/\",\"url\":\"https:\/\/99ajans.com\/adatek\/wp-content\/uploads\/2026\/01\/ADATEK_YENI_LOGO.png\",\"contentUrl\":\"https:\/\/99ajans.com\/adatek\/wp-content\/uploads\/2026\/01\/ADATEK_YENI_LOGO.png\",\"width\":406,\"height\":94,\"caption\":\"Adatek M\u00fchendislik San ve Tic. Ltd. \u015eti\"},\"image\":{\"@id\":\"https:\/\/99ajans.com\/adatek\/#\/schema\/logo\/image\/\"},\"sameAs\":[\"https:\/\/www.instagram.com\/adatekmuhendislik\/\",\"https:\/\/www.linkedin.com\/company\/adatek-mhendislik-endstriyel-san-ve-tic-ltd-ti\/\"]}]}<\/script>\n<!-- \/ Yoast SEO plugin. -->","yoast_head_json":{"title":"Kariyer - Adatek M\u00fchendislik San ve Tic. Ltd. \u015eti","robots":{"index":"index","follow":"follow","max-snippet":"max-snippet:-1","max-image-preview":"max-image-preview:large","max-video-preview":"max-video-preview:-1"},"canonical":"https:\/\/99ajans.com\/adatek\/kariyer\/","og_locale":"tr_TR","og_type":"article","og_title":"Kariyer - Adatek M\u00fchendislik San ve Tic. Ltd. \u015eti","og_description":"\u0130nsan Kaynaklar\u0131 M\u00fchendislik g\u00fcc\u00fcm\u00fcz\u00fc birlikte b\u00fcy\u00fctelim. Adatek olarak end\u00fcstriyel vana, pompa ve proses ekipmanlar\u0131 alan\u0131ndaki uzmanl\u0131\u011f\u0131m\u0131z\u0131; g\u00fc\u00e7l\u00fc ekip \u00e7al\u0131\u015fmas\u0131, teknik yetkinlik ve \u00e7\u00f6z\u00fcm odakl\u0131 yakla\u015f\u0131m\u0131m\u0131zla gelece\u011fe ta\u015f\u0131yoruz. Her projede g\u00fcvenilir, s\u00fcrd\u00fcr\u00fclebilir ve sonu\u00e7 odakl\u0131 \u00e7\u00f6z\u00fcmler \u00fcretirken; ekibimizin geli\u015fimini i\u015fimizin \u00f6nemli bir par\u00e7as\u0131 olarak g\u00f6r\u00fcyoruz. \u00a0 Bizimle \u00e7al\u0131\u015fmak ister misiniz? Teknik bilgi birikiminizi sahaya ve projelere...","og_url":"https:\/\/99ajans.com\/adatek\/kariyer\/","og_site_name":"Adatek M\u00fchendislik San ve Tic. Ltd. \u015eti","article_modified_time":"2026-04-13T13:35:14+00:00","twitter_card":"summary_large_image","twitter_misc":{"Tahmini okuma s\u00fcresi":"1 dakika"},"schema":{"@context":"https:\/\/schema.org","@graph":[{"@type":"WebPage","@id":"https:\/\/99ajans.com\/adatek\/kariyer\/","url":"https:\/\/99ajans.com\/adatek\/kariyer\/","name":"Kariyer - Adatek M\u00fchendislik San ve Tic. Ltd. \u015eti","isPartOf":{"@id":"https:\/\/99ajans.com\/adatek\/#website"},"datePublished":"2024-02-27T06:09:27+00:00","dateModified":"2026-04-13T13:35:14+00:00","breadcrumb":{"@id":"https:\/\/99ajans.com\/adatek\/kariyer\/#breadcrumb"},"inLanguage":"tr","potentialAction":[{"@type":"ReadAction","target":["https:\/\/99ajans.com\/adatek\/kariyer\/"]}]},{"@type":"BreadcrumbList","@id":"https:\/\/99ajans.com\/adatek\/kariyer\/#breadcrumb","itemListElement":[{"@type":"ListItem","position":1,"name":"Anasayfa","item":"https:\/\/99ajans.com\/adatek\/"},{"@type":"ListItem","position":2,"name":"Kariyer"}]},{"@type":"WebSite","@id":"https:\/\/99ajans.com\/adatek\/#website","url":"https:\/\/99ajans.com\/adatek\/","name":"Adatek M\u00fchendislik San ve Tic. Ltd. \u015eti","description":"","publisher":{"@id":"https:\/\/99ajans.com\/adatek\/#organization"},"potentialAction":[{"@type":"SearchAction","target":{"@type":"EntryPoint","urlTemplate":"https:\/\/99ajans.com\/adatek\/?s={search_term_string}"},"query-input":{"@type":"PropertyValueSpecification","valueRequired":true,"valueName":"search_term_string"}}],"inLanguage":"tr"},{"@type":"Organization","@id":"https:\/\/99ajans.com\/adatek\/#organization","name":"Adatek M\u00fchendislik San ve Tic. Ltd. \u015eti","url":"https:\/\/99ajans.com\/adatek\/","logo":{"@type":"ImageObject","inLanguage":"tr","@id":"https:\/\/99ajans.com\/adatek\/#\/schema\/logo\/image\/","url":"https:\/\/99ajans.com\/adatek\/wp-content\/uploads\/2026\/01\/ADATEK_YENI_LOGO.png","contentUrl":"https:\/\/99ajans.com\/adatek\/wp-content\/uploads\/2026\/01\/ADATEK_YENI_LOGO.png","width":406,"height":94,"caption":"Adatek M\u00fchendislik San ve Tic. Ltd. \u015eti"},"image":{"@id":"https:\/\/99ajans.com\/adatek\/#\/schema\/logo\/image\/"},"sameAs":["https:\/\/www.instagram.com\/adatekmuhendislik\/","https:\/\/www.linkedin.com\/company\/adatek-mhendislik-endstriyel-san-ve-tic-ltd-ti\/"]}]}},"_links":{"self":[{"href":"https:\/\/99ajans.com\/adatek\/wp-json\/wp\/v2\/pages\/18725","targetHints":{"allow":["GET"]}}],"collection":[{"href":"https:\/\/99ajans.com\/adatek\/wp-json\/wp\/v2\/pages"}],"about":[{"href":"https:\/\/99ajans.com\/adatek\/wp-json\/wp\/v2\/types\/page"}],"author":[{"embeddable":true,"href":"https:\/\/99ajans.com\/adatek\/wp-json\/wp\/v2\/users\/1"}],"replies":[{"embeddable":true,"href":"https:\/\/99ajans.com\/adatek\/wp-json\/wp\/v2\/comments?post=18725"}],"version-history":[{"count":10,"href":"https:\/\/99ajans.com\/adatek\/wp-json\/wp\/v2\/pages\/18725\/revisions"}],"predecessor-version":[{"id":31326,"href":"https:\/\/99ajans.com\/adatek\/wp-json\/wp\/v2\/pages\/18725\/revisions\/31326"}],"wp:attachment":[{"href":"https:\/\/99ajans.com\/adatek\/wp-json\/wp\/v2\/media?parent=18725"}],"curies":[{"name":"wp","href":"https:\/\/api.w.org\/{rel}","templated":true}]}}